{"id":1321,"date":"2009-12-18T22:07:23","date_gmt":"2009-12-19T00:07:23","guid":{"rendered":"http:\/\/www.consciencia.org\/nei-wp\/wordpress\/?page_id=1321"},"modified":"2009-12-19T00:19:49","modified_gmt":"2009-12-19T02:19:49","slug":"no-mar-veremos","status":"publish","type":"page","link":"http:\/\/www.consciencia.org\/neiduclos\/livros-publicados\/no-mar-veremos","title":{"rendered":"No Mar, veremos"},"content":{"rendered":"<p><DIV align=\"center\"><br \/>\n  <TABLE height=\"91\" cellSpacing=\"0\" cellPadding=\"5\" width=\"99%\" align=\"center\" border=\"0\" bgcolor=\"#660000\"><br \/>\n    <TBODY><br \/>\n      <TR><br \/>\n        <TD width=\"19%\" height=\"81\"><BR><\/TD><TD width=\"45%\" height=\"145\" rowSpan=\"2\"><\/p>\n<h2><FONT face=\"Courier New, Courier, mono\" color=\"#660000\" size=\"3\"><B><FONT \ncolor=\"#dcdbc6\" size=\"+3\">NO MAR, VEREMOS<\/FONT><\/B><\/FONT><FONT \ncolor=\"#cccc99\"><BR><br \/>\n                  <FONT color=\"#00FF66\" size=\"4\" face=\"Arial, Helvetica, sans-serif\"><a href=\"http:\/\/consciencia.org\/neiduclos\/nomarveremos.htm\" style=\"background-color: #00FF66;\">ENTRAR<\/a><\/FONT><FONT face=\"Arial, Helvetica, sans-serif\" size=\"2\"><\/p>\n<p>                  Nei Ducl\u00f3s<BR><br \/>\n            Apresenta\u00e7\u00e3o de Mario Chamie <BR><br \/>\n            Editora Globo.<\/FONT><\/FONT><\/h2>\n<p>        <P><FONT face=\"Arial, Helvetica, sans-serif\" size=\"2\"><I><FONT \ncolor=\"#996600\">&#8220;Podemos dizer que o vigor dos novos poemas n\u00e3o assegura apenas ao seu autor o lugar que lhe \u00e9 de direito, no panorama da nossa atual poesia, mas sobretudo dita a singularidade de seu compromisso com as exig\u00eancias maiores e incorrupt\u00edveis do discurso po\u00e9tico.<\/FONT><\/I><FONT \ncolor=\"#996600\">&#8220;<\/FONT><\/FONT><\/P><br \/>\n            <P align=\"right\"><FONT face=\"Arial, Helvetica, sans-serif\" color=\"#996600\" \nsize=\"2\">(Mario Chamie, na apresenta\u00e7\u00e3o do livro)<\/FONT><\/P><\/TD><br \/>\n        <TD width=\"36%\" height=\"145\" rowSpan=\"2\"><\/TD><br \/>\n      <\/TR><br \/>\n      <TR><br \/>\n        <TD width=\"19%\" height=\"78\">&nbsp;<\/TD><br \/>\n      <\/TR><br \/>\n    <\/TBODY><br \/>\n  <\/TABLE><\/p>\n<p>  <P>  <\/P><br \/>\n<\/DIV><\/p>\n","protected":false},"excerpt":{"rendered":"<p>NO MAR, VEREMOS ENTRAR Nei Ducl\u00f3s Apresenta\u00e7\u00e3o de Mario Chamie Editora Globo. &#8220;Podemos dizer que o vigor dos novos poemas n\u00e3o assegura apenas ao seu autor o lugar que lhe \u00e9 de direito, no panorama da nossa atual poesia, mas sobretudo dita a singularidade de seu compromisso com as exig\u00eancias maiores e incorrupt\u00edveis do discurso [&hellip;]<\/p>\n","protected":false},"author":2,"featured_media":0,"parent":1327,"menu_order":0,"comment_status":"open","ping_status":"open","template":"","meta":[],"_links":{"self":[{"href":"http:\/\/www.consciencia.org\/neiduclos\/wp-json\/wp\/v2\/pages\/1321"}],"collection":[{"href":"http:\/\/www.consciencia.org\/neiduclos\/wp-json\/wp\/v2\/pages"}],"about":[{"href":"http:\/\/www.consciencia.org\/neiduclos\/wp-json\/wp\/v2\/types\/page"}],"author":[{"embeddable":true,"href":"http:\/\/www.consciencia.org\/neiduclos\/wp-json\/wp\/v2\/users\/2"}],"replies":[{"embeddable":true,"href":"http:\/\/www.consciencia.org\/neiduclos\/wp-json\/wp\/v2\/comments?post=1321"}],"version-history":[{"count":2,"href":"http:\/\/www.consciencia.org\/neiduclos\/wp-json\/wp\/v2\/pages\/1321\/revisions"}],"predecessor-version":[{"id":1351,"href":"http:\/\/www.consciencia.org\/neiduclos\/wp-json\/wp\/v2\/pages\/1321\/revisions\/1351"}],"up":[{"embeddable":true,"href":"http:\/\/www.consciencia.org\/neiduclos\/wp-json\/wp\/v2\/pages\/1327"}],"wp:attachment":[{"href":"http:\/\/www.consciencia.org\/neiduclos\/wp-json\/wp\/v2\/media?parent=1321"}],"curies":[{"name":"wp","href":"https:\/\/api.w.org\/{rel}","templated":true}]}}