{"id":1323,"date":"2009-12-18T22:07:56","date_gmt":"2009-12-19T00:07:56","guid":{"rendered":"http:\/\/www.consciencia.org\/nei-wp\/wordpress\/?page_id=1323"},"modified":"2009-12-19T00:21:33","modified_gmt":"2009-12-19T02:21:33","slug":"o-refugio-do-principe-2006","status":"publish","type":"page","link":"http:\/\/www.consciencia.org\/neiduclos\/livros-publicados\/o-refugio-do-principe-2006","title":{"rendered":"O Ref\u00fagio do Pr\u00edncipe (2006)"},"content":{"rendered":"<p><P><b>ADQUIRA SEU EXEMPLAR DIRETAMENTE COM O AUTOR<\/p>\n<p>Envie um e-mail para neiduclos@hotmail.com<br \/>\nQue eu enviarei o n\u00famero da conta para dep\u00f3sito<br \/>\nVinte reais, com frete (territ\u00f3rio nacional) inclu\u00eddo.<\/b><br \/><\/P><br \/>\n<P><br \/>\n<BR><img src=\"\/neiduclos\/imagens\/capas\/caparefugio.jpg\" align=\"left\" style=\"margin-right:8px;\">Revela\u00e7\u00f5es do livro de contos e cr\u00f4nicas <b>O Ref\u00fagio do Pr\u00edncipe &#8211; Hist\u00f3rias Sopradas pelo Vento<\/b>, de Nei Ducl\u00f3s: gigantes j\u00e1 habitaram a ilha de Santa Catarina; a Lagoa da Concei\u00e7\u00e3o \u00e9 artificial; os adoradores da pedra tomaram conta de um reino que conheceu a Queda depois que um pr\u00edncipe se recusou a assumir o trono. Quem era o pr\u00edncipe e qual o seu reino? Contado em forma de lenda, descoberta por um narrador que esteve na ilha s\u00f3 de passagem, a hist\u00f3ria que d\u00e1 t\u00edtulo ao livro veio \u00e0 tona em 1981 e s\u00f3 agora est\u00e1 sendo divulgada, depois de um longo per\u00edodo de espera.<\/p>\n<p>Mas h\u00e1 outras hist\u00f3rias nesta pequena colet\u00e2nea escrita com linguagem po\u00e9tica e que segue a linhagem das narrativas contadas ao redor do fogo. Como a do velho vigia que v\u00ea cardume de tainha em noite sem lua; ou a da ascensorista que l\u00ea escondido; ou o m\u00fasico que resgata o carnaval numa solenidade em pleno frio. As mudan\u00e7as do nosso tempo, das cidades, das esta\u00e7\u00f5es, das pessoas, s\u00e3o destaque nesses enredos que procuram recuperar o sonho de viver em paz, e a gra\u00e7a de sentir-se habitado.   <\/p>\n<p>A mem\u00f3ria, o amor, a viagem, a medita\u00e7\u00e3o: todas as situa\u00e7\u00f5es se alternam e se cruzam neste livro que busca o encantamento do leitor. Dividido em duas partes, Mar e Pampa, este \u00e9 uma esp\u00e9cie de reencontro com a aventura de se sentir vivo e de voltar a fazer importantes descobertas. <\/p>\n<p>O livro inaugura o selo editorial Cartaz, da Editora Empreendedor, de Santa Catarina. <\/p>\n<div  style=\"width:90%; padding:4px; border-width:1px; border-style:solid; border-color:orange; align:right; background-color:#e2e2e2;\">\n<B>Ficha t\u00e9cnica:<\/B><BR><br \/>\nO Ref\u00fagio do Pr\u00edncipe &#8211; Hist\u00f3rias sopradas pelo vento<br \/>\nEditora Cartaz<br \/>\n150 p\u00e1ginas<br \/>\nR$ 25,00.\n<\/div>\n<p><BR><BR><br \/>\nEste \u00e9 o quinto livro publicado por Nei Ducl\u00f3s, poeta, romancista e jornalista que agora lan\u00e7a uma seleta da sua literatura de texto curto: o conto (que d\u00e1 t\u00edtulo ao livro) e as cr\u00f4nicas est\u00e3o divididos em dois blocos tem\u00e1ticos. O primeiro \u00e9 Mar e ser refere \u00e0s viv\u00eancias e hist\u00f3rias da Ilha de Santa Catarina. O segundo \u00e9 Pampa, sobre momentos e revela\u00e7\u00f5es na terra natal do autor.<br \/>\n<BR><BR><\/p>\n<div  style=\"width:90%; padding:4px; border-width:1px; border-style:solid; border-color:orange; align:right; background-color:#e2e2e2;\">\n<p><b>O autor<\/b>: <\/p>\n<p>Nei Ducl\u00f3s \u00e9 autor de poesia, fic\u00e7\u00e3o e ensaios. Publicou Outubro (1975), No meio da rua (1980) e No mar, Veremos (2001), poemas; e um romance, Universo Baldio (2004). \u00c9 jornalista desde 1970 e formado em Hist\u00f3ria pela USP. \u00c9 cronista do Di\u00e1rio Catarinense e Editor da Revista Empreendedor. <\/p>\n<\/div>\n<p><BR><BR><br \/>\nTr\u00eas romancistas\/jornalistas se manifestaram sobre o livro O Ref\u00fagio do Pr\u00edncipe &#8212; Hist\u00f3rias Sopradas Pelo Vento (Editora Cartaz, 150 p\u00e1ginas, R$ 25,00), de Nei Ducl\u00f3s:<BR><BR><br \/>\n<b>Urariano Mota<\/b> (autor do romance &#8220;Os cora\u00e7\u00f5es futuristas&#8221;) no La Insignia, site de Madri, Espanha: &#8220;<i>Por isso podemos escrever sem medo e somente com a percep\u00e7\u00e3o do que lemos: algumas cr\u00f4nicas de Nei Ducl\u00f3s t\u00eam uma poesia a que e a quem o pr\u00f3prio Rubem Braga pediria a b\u00ean\u00e7\u00e3o&#8221;<\/i>.<\/p>\n<p><BR><BR><br \/>\n<b>Rodrigo Schwarz <\/b>(autor do romance A Ilha dos C\u00e3es) no caderno Id\u00e9ias, do jornal A Not\u00edcia : <i>&#8220;Com uma abertura que suspende ao m\u00e1ximo a curiosidade do leitor, antes do vertiginoso mergulho em um universo fant\u00e1stico, o conto presta-se a uma reflex\u00e3o sobre o papel cultural de Florian\u00f3polis&#8221;<\/i>.<br \/>\n<BR><BR><br \/>\n<b>Moacir Japiassu<\/b> (autor do romance &#8220;Quando Alegre Partiste&#8221;), na coluna Jornal da Impren\u00e7a, no site Comunique-se, de S\u00e3o Paulo: &#8220;<i>O poeta, que tamb\u00e9m \u00e9 Mestre da prosa, acaba de lan\u00e7ar, pela Editora Cartaz, o best-seller O Ref\u00fagio do Pr\u00edncipe &#8212; Hist\u00f3rias Sopradas Pelo Vento. Janistraquis l\u00ea e, encantado, esquece-se at\u00e9 de trabalhar<\/i>&#8220;.<br \/>\n<BR><BR><BR><BR><\/p>\n<p><b>O que dizem do autor<\/b>:<BR><BR><\/p>\n<p><i>A for\u00e7a luminosa da vida, as paix\u00f5es de uma gera\u00e7\u00e3o, a ilus\u00e3o de um povo, o sol. E um poeta vivo.<\/i><BR><br \/>\n<b>Cl\u00e1udio Levitan<\/b>, sobre <b>Outubro<\/b><br \/>\n<BR><BR><\/p>\n<p><i>Eu \u00e9 que estou tomando ares no meio da rua de Nei Ducl\u00f3s.<\/i><BR><br \/>\n<b>Mario Quintana<\/b>, sobre <b>No Meio da Rua<\/b><br \/>\n<BR><BR><br \/>\n<i>O poeta de verdade faz poesia mais por impuls\u00e3o e inevitabilidade, do que por um mero &#8220;prazer liter\u00e1rio&#8221;. Nei Ducl\u00f3s \u00e9 um poeta de verdade.<\/i><BR><br \/>\n<b>Juarez Fonseca<\/b>, sobre <b>No meio da Rua<\/b>.<br \/>\n<BR><BR><br \/>\n<i> Nesse veremos (verbo ver e substantivo remos ) est\u00e1 todo o sentido do destemor e do desafio que o homem e o poeta Nei Ducl\u00f3s nos ensina.<\/i><BR><br \/>\n<b>Mario Chamie<\/b>, sobre <b>No Mar, Veremos<\/b><br \/>\n<BR><BR><br \/>\nA frase \u00e9 sempre boa, as descri\u00e7\u00f5es precisas&#8230;<BR><br \/>\n<b>Raduan Nassar<\/b>, sobre <b>Universo Baldio<\/b><\/p>\n<p><BR><BR><\/p>\n<div style=\"width:90%; padding:4px; border-width:1px; border-style:solid; border-color:orange; align:right; background-color:#e2e2e2;\">\n<b>Orelha<\/b><BR><BR><\/p>\n<p>Este \u00e9 um livro contador de hist\u00f3rias. N\u00e3o hist\u00f3rias comuns, j\u00e1 conhecidas, mas surpreendentes. Pela primeira vez elas se revelam para um narrador que est\u00e1 s\u00f3 de passagem, mas que acaba fisgado pelo encantamento das palavras. Esse verbo solto, que aporta em situa\u00e7\u00f5es inusitadas, acaba resgatando o que \u00e9 costume esquecer. Ele promove a liga entre fatos e lendas, que nos leva \u00e0 aventura de ler, e tem a mesma for\u00e7a dos ser\u00f5es ao redor do fogo, em que somos visitados pelo Mist\u00e9rio ou simplesmente pela Poesia.<br \/>\n<BR><BR><br \/>\nDescubra em cada hist\u00f3ria o que existe oculto na paisagem: um gigante na pedra, um cardume no abismo, o sol noturno no mato fechado. Siga essa trilha e viaje pela possibilidade real dos acontecimentos que pulsam eternamente. Como a exist\u00eancia de um reino no litoral, que conheceu a Queda por obra do deslumbramento de um Pr\u00edncipe. Ou a magia das esta\u00e7\u00f5es conduzida pela palavra. Ou ainda o sopro de luz que assombra o entardecer.<br \/>\n<BR><BR><br \/>\nCaminhe pelo acervo dos habitantes da ilha de Santa Catarina e dos campos da fronteira ga\u00facha. E sonhe junto com este livro, que embala, convoca e faz companhia, como algu\u00e9m desconhecido que chega junto com a chance de ser seu amigo.\n<\/div>\n<p><BR><BR><\/p>\n<div style=\"width:90%; padding:4px; border-width:1px; border-style:solid; border-color:orange; align:right; background-color:#f6f6f6;\">\n<b>Links<\/b><BR><BR><\/p>\n<li><a href=\"http:\/\/www.cronopios.com.br\/site\/resenhas.asp?id=1859\">Resenha de Urariano Mota no site Cron\u00f3pios<\/a><\/li>\n<li><a href=\"http:\/\/outubro.blogspot.com\/2006\/11\/dirio-da-fonte-viagem-ao-porto-da.html\">Di\u00e1rio da Fonte &#8211; Viagem ao Porto da Cultura &#8211; como foi o lan\u00e7amento na Feira do Livro de Porto Alegre 2006<\/a><\/li>\n<li><a href=\"http:\/\/outubro.blogspot.com\/2008\/08\/crnicas-de-mar-e-pampa.html\">Cr\u00f4nicas de Mar e Pampa<\/a> &#8211; Di\u00e1rio da Fonte<\/li>\n<\/div>\n","protected":false},"excerpt":{"rendered":"<p>ADQUIRA SEU EXEMPLAR DIRETAMENTE COM O AUTOR Envie um e-mail para neiduclos@hotmail.com Que eu enviarei o n\u00famero da conta para dep\u00f3sito Vinte reais, com frete (territ\u00f3rio nacional) inclu\u00eddo. Revela\u00e7\u00f5es do livro de contos e cr\u00f4nicas O Ref\u00fagio do Pr\u00edncipe &#8211; Hist\u00f3rias Sopradas pelo Vento, de Nei Ducl\u00f3s: gigantes j\u00e1 habitaram a ilha de Santa Catarina; [&hellip;]<\/p>\n","protected":false},"author":2,"featured_media":0,"parent":1327,"menu_order":0,"comment_status":"open","ping_status":"open","template":"","meta":[],"_links":{"self":[{"href":"http:\/\/www.consciencia.org\/neiduclos\/wp-json\/wp\/v2\/pages\/1323"}],"collection":[{"href":"http:\/\/www.consciencia.org\/neiduclos\/wp-json\/wp\/v2\/pages"}],"about":[{"href":"http:\/\/www.consciencia.org\/neiduclos\/wp-json\/wp\/v2\/types\/page"}],"author":[{"embeddable":true,"href":"http:\/\/www.consciencia.org\/neiduclos\/wp-json\/wp\/v2\/users\/2"}],"replies":[{"embeddable":true,"href":"http:\/\/www.consciencia.org\/neiduclos\/wp-json\/wp\/v2\/comments?post=1323"}],"version-history":[{"count":2,"href":"http:\/\/www.consciencia.org\/neiduclos\/wp-json\/wp\/v2\/pages\/1323\/revisions"}],"predecessor-version":[{"id":1353,"href":"http:\/\/www.consciencia.org\/neiduclos\/wp-json\/wp\/v2\/pages\/1323\/revisions\/1353"}],"up":[{"embeddable":true,"href":"http:\/\/www.consciencia.org\/neiduclos\/wp-json\/wp\/v2\/pages\/1327"}],"wp:attachment":[{"href":"http:\/\/www.consciencia.org\/neiduclos\/wp-json\/wp\/v2\/media?parent=1323"}],"curies":[{"name":"wp","href":"https:\/\/api.w.org\/{rel}","templated":true}]}}