{"id":1312,"date":"2009-12-18T22:04:42","date_gmt":"2009-12-19T00:04:42","guid":{"rendered":"http:\/\/www.consciencia.org\/nei-wp\/wordpress\/outubro-1975"},"modified":"2009-12-19T00:21:41","modified_gmt":"2009-12-19T02:21:41","slug":"outubro-1975","status":"publish","type":"page","link":"https:\/\/www.consciencia.org\/neiduclos\/livros-publicados\/outubro-1975","title":{"rendered":"Outubro (1975)"},"content":{"rendered":"<p><TABLE  cellSpacing=\"4\" cellPadding=\"0\" align=\"center\" background=\"http:\/\/consciencia.org\/neiduclos\/imagens\/bgs\/cinza2.gif\" border=\"0\"><\/p>\n<p>  <TBODY><br \/>\n    <TR><\/p>\n<td>\n<h2>Literatura &#8211; Poesia &#8211; Outubro<\/h2>\n<p>        <img loading=\"lazy\" height=\"154\" src=\"http:\/\/consciencia.org\/neiduclos\/imagens\/capas\/outubrocapa.jpg\" width=\"103\" border=\"1\" align=\"left\">Outubro foi lan\u00e7ado em 1975, fruto de uma semeadura anterior, feita no final dos anos 60. O livro \u00e9 uma articula\u00e7\u00e3o dos poemas que fui soltando primeiro nas pra\u00e7as (da Alf\u00e2ndega, em Porto Alegre, da Rep\u00fablica em S\u00e3o Paulo, e General Os\u00f3rio, no Rio). Eram escritos com pincel at\u00f4mico em cartolina branca &#8211; o m\u00e1ximo de est\u00e9tica que a radicalidade permitia &#8211; ou faziam parte de edi\u00e7\u00f5es mimeografadas junto com outros dois autores (Marco Celso Viola e Mariza Scopel). S\u00e3o dessa \u00e9poca os principais poemas, que mais tarde inauguram e carregam o livro. Os outros surgiram, na seq\u00fc\u00eancia, acumulando-se numa velha mala de couro que carreguei pelos empregos jornal\u00edsticos afora. Numa investida surpreendente, Claudio Levitan foi visitar-me um dia em Blumenau o&shy;nde trabalhava e l\u00e1, enquanto desenterrava os poemas, me xingava por &#8220;esquec\u00ea-los&#8221; no fundo do ba\u00fa. Mas s\u00f3 depois, em 1974, quando voltei para Porto Alegre, \u00e9 que come\u00e7amos &#8211; Levitan e eu &#8211; a nos reunir com Caio Fernando Abreu, Juarez Fonseca e Ida Ducl\u00f3s para definir aquilo que a mala pedia: o livro de uma gera\u00e7\u00e3o, a estr\u00e9ia viabilizada pela grandeza da ent\u00e3o diretora do Instituto Estadual do Livro do Rio Grande do Sul, Lygia Averbruck. \u00c9 em mem\u00f3ria de Lygia, precocemente desaparecida, que dedico esta reestr\u00e9ia de Outubro no espa\u00e7o virtual. Como o livro pede uma segunda edi\u00e7\u00e3o impressa, divulgamos apenas alguns poemas daquela \u00e9poca inesquec\u00edvel. <\/td>\n<p>    <\/TR><br \/>\n  <\/TBODY><br \/>\n<\/TABLE><\/p>\n<p><TABLE  cellSpacing=\"0\" cellPadding=\"0\" width=\"100%\" align=\"center\" bgColor=\"#bb7e00\" border=\"0\"><\/p>\n<p>    <TR><br \/>\n      <TD bgColor=\"#bb7e00\" rowSpan=\"2\"><\/TD><\/p>\n<p>      <TD width=\"35%\" bgColor=\"#bb7e00\"><DIV align=\"left\"><FONT face=\"Arial, Helvetica, sans-serif\"><B><br \/>\n          <A href=\"http:\/\/www.consciencia.org\/neiduclos\/poesia\/outubroapresent.html\"><FONT size=\"-1\">Apresenta\u00e7\u00e3o de Cl\u00e1udio Levitan<\/FONT><\/A><\/B><\/FONT><\/DIV><\/TD><br \/>\n      <BR><br \/>\n      <TD width=\"19%\" bgColor=\"#bb7e00\"><B><A href=\"#veias\"><FONT face=\"Arial, Helvetica, sans-serif\" size=\"-1\">As veias do canto<\/FONT><\/A><\/B><\/TD><br \/>\n      <BR><br \/>\n      <TD width=\"24%\" bgColor=\"#bb7e00\"><B><A href=\"#carta\"><FONT face=\"Arial, Helvetica, sans-serif\" size=\"-1\">Carta ao amigo<\/FONT><\/A><\/B><\/TD><br \/>\n      <BR><br \/>\n      <TD width=\"16%\" bgColor=\"#bb7e00\"><B><A href=\"#outubro\"><FONT face=\"Arial, Helvetica, sans-serif\" size=\"-1\">Outubro<\/FONT><\/A><\/B><\/TD><br \/>\n      <BR><br \/>\n    <\/TR><br \/>\n  <BR><br \/>\n  <TR><BR><br \/>\n    <TD width=\"35%\" bgColor=\"#bb7e00\" height=\"2\"><DIV align=\"left\"><B><A href=\"#torneime\"><FONT face=\"Arial, Helvetica, sans-serif\" size=\"-1\">Tornei-me Passos<\/FONT><\/A><\/B><\/DIV><\/TD><br \/>\n    <BR><br \/>\n    <TD width=\"19%\" bgColor=\"#bb7e00\" height=\"2\"><B><A href=\"#apesar\"><FONT face=\"Arial, Helvetica, sans-serif\" size=\"-1\">Apesar de tudo<\/FONT><\/A><\/B><\/TD><br \/>\n    <BR><br \/>\n    <TD width=\"24%\" bgColor=\"#bb7e00\" height=\"2\"><B><A href=\"#licao\"><FONT face=\"Arial, Helvetica, sans-serif\" size=\"-1\">Li\u00e7\u00e3o de Travessia<\/FONT><\/A><\/B><\/TD><br \/>\n    <BR><br \/>\n    <TD width=\"16%\" bgColor=\"#bb7e00\" height=\"2\"><B><A href=\"#aosque\"><FONT face=\"Arial, Helvetica, sans-serif\" size=\"-1\">Aos que passam<\/FONT><\/A><\/B><\/TD><br \/>\n    <BR><br \/>\n  <\/TR><br \/>\n  <\/TABLE><br \/>\n<FONT face=\"COURIER NEW\" size=\"-1\"><A name=\"carta\"><B>CARTA AO AMIGO<\/B><\/A><BR><br \/>\n<BR><br \/>\n<BR><br \/>\n<BR><br \/>\nEmbora n\u00e3o acredites<BR><br \/>\nestou t\u00e3o habitado<BR><br \/>\nque pare\u00e7o um mar<BR><br \/>\n<BR><br \/>\n<BR><br \/>\n<BR><br \/>\nN\u00e3o s\u00f3 pelos peixes que possuo<BR><br \/>\ndas mais variadas esp\u00e9cies<BR><br \/>\nn\u00e3o s\u00f3 pelas aves que me sobrevoam<br \/>\n<BR><br \/>\nMas tamb\u00e9m pelas ilhas de corais<BR><br \/>\npelos arrecifes, pelos icebergs que em sil\u00eancio<BR><br \/>\nnavegam seus volumes submersos<BR><br \/>\n<BR><br \/>\nE principalmente<br \/>\npela quantidade de rios<BR><br \/>\nque des\u00e1guam em mim<BR><br \/>\n<BR><br \/>\nEst\u00e1s longe<BR><br \/>\ne lembrei teus olhos<BR><br \/>\ncheios de medo e desconfian\u00e7a<BR><br \/>\nHoje est\u00e1 chovendo<BR><br \/>\n<BR><br \/>\nQuando chover<BR><br \/>\nsei que vais sentar um pouco<BR><br \/>\nreler teus manuscritos do tempo do col\u00e9gio<BR><br \/>\ne tentar fazer coisa nova<BR><br \/>\nou pior, sonhar com eles<BR><br \/>\nat\u00e9 que um vazio inc\u00f4modo<BR><br \/>\nte derrube por terra<BR><br \/>\n<BR><br \/>\nQuando chover, em vez de chorar<BR><br \/>\nlembra de mim<BR><br \/>\nque n\u00e3o cedi um palmo <BR><br \/>\n<BR><br \/>\n<BR><br \/>\n<A name=\"outubro\"><B>OUTUBRO<\/B><\/A><BR><br \/>\n<BR><br \/>\n<BR><br \/>\n<BR><br \/>\nTrago a nova: eu mudo<BR><br \/>\nlento, e \u00e9 tudo<BR><br \/>\n<BR><br \/>\nSinto ser assim<BR><br \/>\npor esta\u00e7\u00f5es: aos turnos<BR><br \/>\n<BR><br \/>\nPosso voltar<BR><br \/>\nao ponto de partida<BR><br \/>\nmas luto<BR><br \/>\n<BR><br \/>\nSei que vem outubro<BR><br \/>\nFlores, fruto de seiva<BR><br \/>\nromper\u00e3o no mundo<BR><br \/>\n<BR><br \/>\n(Trabalho duro:<BR><br \/>\nsugar de pedras<BR><br \/>\nrasgar os caules<BR><br \/>\ncolher ar puro)<BR><br \/>\n<BR><br \/>\nLento e bruto<BR><br \/>\neu mudo<BR><br \/>\nSei que vem<BR><br \/>\nOutubro<BR><br \/>\n<BR><br \/>\n<BR><br \/>\n<BR><br \/>\n<BR><br \/>\n<A name=\"torneime\"><B>TORNEI-ME PASSOS<\/B><\/A><BR><br \/>\n<BR><br \/>\n<BR><br \/>\n<BR><br \/>\nTornei-me passos<BR><br \/>\nem busca da aurora<BR><br \/>\n<BR><br \/>\n<BR><br \/>\nBelo como geada<BR><br \/>\nacordei enrolado num cobertor<BR><br \/>\n<BR><br \/>\nque o sol dourava<BR><br \/>\nnos terrenos baldios<BR><br \/>\nda minha estrada<BR><br \/>\n<BR><br \/>\nAs cidades constru\u00edram<BR><br \/>\nmuros \u00e0 sua volta<BR><br \/>\nmas com cordas<BR><br \/>\nescalei pedras<BR><br \/>\ne penetrei nas entranhas <BR><br \/>\nde concreto e pra\u00e7as<BR><br \/>\n<BR><br \/>\n<BR><br \/>\n<BR><br \/>\n<BR><br \/>\n<BR><br \/>\n<A name=\"licao\"><B>LI\u00c7\u00c3O DE TRAVESSIA<\/B><\/A><BR><br \/>\n<BR><br \/>\n<BR><br \/>\n<BR><br \/>\nSempre que vejo um rio<BR><br \/>\nparece que do outro lado<BR><br \/>\nest\u00e1 a Argentina<BR><br \/>\n<BR><br \/>\n<BR><br \/>\nAs balsas carregadas da inf\u00e2ncia<BR><br \/>\nsumiram do meu olhar<BR><br \/>\nmas a ponte permaneceu<BR><br \/>\ncomo eterna promessa<BR><br \/>\nde que todas as margens<BR><br \/>\npodem ser pisadas<BR><br \/>\n<BR><br \/>\n<BR><br \/>\nO mundo n\u00e3o tem lado certo<BR><br \/>\npois h\u00e1 uma ponte s\u00f3lida<BR><br \/>\npor cima de todas as \u00e1guas <BR><br \/>\n<BR><br \/>\n<BR><br \/>\n<BR><br \/>\n<BR><br \/>\n<BR><br \/>\n<BR><br \/>\n<BR><br \/>\n<A name=\"aosque\"><B>AOS QUE PASSAM<\/B><\/A><BR><br \/>\n<BR><br \/>\n<BR><br \/>\n<BR><br \/>\nTe ofere\u00e7o um poema<BR><br \/>\nfeito com energia<BR><br \/>\ne cultivado no ventre<BR><br \/>\ndo amor que carrego<BR><br \/>\n<BR><br \/>\n<BR><br \/>\nTe ofere\u00e7o um poema<BR><br \/>\nna tarde nervosa dos teus passos<BR><br \/>\nmolhado com a dist\u00e2ncia<BR><br \/>\nque percorro diariamente<BR><br \/>\ne com a vontade que eu tenho<BR><br \/>\nde ser teu amigo<BR><br \/>\n<BR><br \/>\n<BR><br \/>\n<BR><br \/>\nMe ofere\u00e7o em palavras, companheiro<BR><br \/>\nenvolto no colar de desejos e buscas<BR><br \/>\nque aperta nossa garganta<BR><br \/>\ne nos faz abrir a boca<BR><br \/>\ncom uma for\u00e7a capaz<BR><br \/>\nde derrubar as paredes<BR><br \/>\nas paredes que nos separam<BR><br \/>\n<BR><br \/>\n<BR><br \/>\n<BR><br \/>\n<BR><br \/>\n<BR><br \/>\n<A name=\"veias\"><B>AS VEIAS DO CANTO<\/B><\/A><BR><br \/>\n<BR><br \/>\n<BR><br \/>\n<BR><br \/>\nCreio na morte<BR><br \/>\nn\u00e3o na sua vit\u00f3ria<BR><br \/>\na poesia est\u00e1 \u00e0 prova, como o homem<BR><br \/>\no canto n\u00e3o acaba, se renova<BR><br \/>\nno cora\u00e7\u00e3o de quem escolhe<BR><br \/>\na pr\u00f3pria fome<BR><br \/>\n<BR><br \/>\n<BR><br \/>\nNada muda no sol<BR><br \/>\nque o meu corpo n\u00e3o receba<BR><br \/>\nAberto como um po\u00e7o para a sede<BR><br \/>\nescrevo duros poemas<BR><br \/>\nna terra que treme<BR><br \/>\ne sacode a caneta<BR><br \/>\n<BR><br \/>\n<BR><br \/>\n<BR><br \/>\nS\u00f3 o canto fala por si mesmo<BR><br \/>\nescutem seu bater de veias<BR><br \/>\nele vingar\u00e1, como as colheitas<BR><br \/>\ncercadas de amor e de firmeza<BR><br \/>\n<BR><br \/>\n<BR><br \/>\n<BR><br \/>\n<BR><br \/>\n<BR><br \/>\n<BR><br \/>\n<FONT face=\"COURIER NEW\"><A name=\"apesar\"><B>APESAR DE TUDO<\/B><\/A><BR><br \/>\n<BR><br \/>\n<BR><br \/>\n<BR><br \/>\nApesar de tudo<BR><br \/>\nsou teimoso<BR><br \/>\ne vivo<BR><br \/>\nsou teimoso e visto<BR><br \/>\na pele dos soldados mortos<BR><br \/>\n<BR><br \/>\n<BR><br \/>\n<BR><br \/>\nNeste carrossel de espanto<BR><br \/>\nque carrego dentro dos olhos<BR><br \/>\ntoco melodias<BR><br \/>\nque me ressuscitam<BR><br \/>\n<BR><br \/>\n<BR><br \/>\n<BR><br \/>\nLevanto com esfor\u00e7o<BR><br \/>\nas \u00e2ncoras<BR><br \/>\ne parto nas naus sem volta<BR><br \/>\ndo meu canto<BR><br \/>\n<BR><br \/>\n<BR><br \/>\n<BR><br \/>\nE sempre tenho que mudar as velas<BR><br \/>\narrebentadas de vento<BR><br \/>\ncom remendos colhidos<BR><br \/>\ndos violentos panos do tempo<BR><br \/>\n<BR><br \/>\n<BR><br \/>\n<BR><br \/>\nO tempo \u00e9 novo<BR><br \/>\ne eu tenho a mania insone<BR><br \/>\nde rebentar em pranto<BR><br \/>\n<BR><br \/>\n<BR><br \/>\n<BR><br \/>\nMas sou teimoso e insisto<BR><br \/>\nsou teimoso e visto<BR><br \/>\na pele dos soldados mortos<BR><br \/>\n<BR><br \/>\n<BR><br \/>\n<BR><br \/>\n<\/FONT><\/FONT><STRONG>SALVA\u00c7\u00c3O<\/STRONG><BR><br \/>\n<BR><br \/>\nEstar a salvo<BR><br \/>\nn\u00e3o \u00e9 se salvar<BR><br \/>\n<BR><br \/>\nComo um navegador<BR><br \/>\nque vai at\u00e9 o&shy;nde d\u00e1<BR><br \/>\nvoc\u00ea tem que ser livre<BR><br \/>\npara o que pintar<BR><br \/>\n<BR><br \/>\nNenhuma pessoa \u00e9 lugar de repouso<BR><br \/>\nJuntos chegaremos l\u00e1 <\/B><\/FONT><br \/>\n<\/DIV><br \/>\n<\/TD><br \/>\n<\/TR><br \/>\n<\/TBODY><br \/>\n<\/TABLE><br \/>\n<\/B><\/FONT><br \/>\n<\/DIV><br \/>\n<\/TD><br \/>\n<\/TR><br \/>\n<\/TBODY><br \/>\n<\/TABLE><\/p>\n","protected":false},"excerpt":{"rendered":"<p>Literatura &#8211; Poesia &#8211; Outubro Outubro foi lan\u00e7ado em 1975, fruto de uma semeadura anterior, feita no final dos anos 60. O livro \u00e9 uma articula\u00e7\u00e3o dos poemas que fui soltando primeiro nas pra\u00e7as (da Alf\u00e2ndega, em Porto Alegre, da Rep\u00fablica em S\u00e3o Paulo, e General Os\u00f3rio, no Rio). Eram escritos com pincel at\u00f4mico em [&hellip;]<\/p>\n","protected":false},"author":2,"featured_media":0,"parent":1327,"menu_order":0,"comment_status":"open","ping_status":"open","template":"","meta":[],"_links":{"self":[{"href":"https:\/\/www.consciencia.org\/neiduclos\/wp-json\/wp\/v2\/pages\/1312"}],"collection":[{"href":"https:\/\/www.consciencia.org\/neiduclos\/wp-json\/wp\/v2\/pages"}],"about":[{"href":"https:\/\/www.consciencia.org\/neiduclos\/wp-json\/wp\/v2\/types\/page"}],"author":[{"embeddable":true,"href":"https:\/\/www.consciencia.org\/neiduclos\/wp-json\/wp\/v2\/users\/2"}],"replies":[{"embeddable":true,"href":"https:\/\/www.consciencia.org\/neiduclos\/wp-json\/wp\/v2\/comments?post=1312"}],"version-history":[{"count":1,"href":"https:\/\/www.consciencia.org\/neiduclos\/wp-json\/wp\/v2\/pages\/1312\/revisions"}],"predecessor-version":[{"id":1354,"href":"https:\/\/www.consciencia.org\/neiduclos\/wp-json\/wp\/v2\/pages\/1312\/revisions\/1354"}],"up":[{"embeddable":true,"href":"https:\/\/www.consciencia.org\/neiduclos\/wp-json\/wp\/v2\/pages\/1327"}],"wp:attachment":[{"href":"https:\/\/www.consciencia.org\/neiduclos\/wp-json\/wp\/v2\/media?parent=1312"}],"curies":[{"name":"wp","href":"https:\/\/api.w.org\/{rel}","templated":true}]}}