{"id":1317,"date":"2009-12-18T22:06:20","date_gmt":"2009-12-19T00:06:20","guid":{"rendered":"http:\/\/www.consciencia.org\/nei-wp\/wordpress\/?page_id=1317"},"modified":"2011-06-18T18:13:22","modified_gmt":"2011-06-18T21:13:22","slug":"poemas-musicados-de-nei-duclos","status":"publish","type":"page","link":"https:\/\/www.consciencia.org\/neiduclos\/poemas-musicados-de-nei-duclos","title":{"rendered":"Poemas Musicados de Nei Ducl\u00f3s"},"content":{"rendered":"<p><a href=\"http:\/\/www.youtube.com\/watch?v=plvBBn3m6a0\">Manh\u00e3 &#8211; Poesia de Nei Ducl\u00f3s, musicada por Carlinhos Hartlieb na voz de Gelson Oliveira <\/a><\/p>\n<p>&nbsp;<\/p>\n<div style=\"width: 100%; background-image: http;\">\n<p>&nbsp;<\/p>\n<div style=\"background-image: http; width: 95%;\">\n<p><strong>Poemas de Nei Ducl\u00f3s musicados, em formato Mp3 e Video<\/strong><\/p>\n<p>&nbsp;<\/p>\n<h2>Z\u00e9 Gomes e Nei Ducl\u00f3s<\/h2>\n<p><strong>Minuano (Do livro No meio da rua, 1979)<\/strong><\/p>\n<p><object width=\"425\" height=\"344\"><param name=\"movie\" value=\"http:\/\/www.youtube.com\/v\/9Ns_OMS98Uc&amp;hl=pt-br&amp;fs=1\" \/><param name=\"allowFullScreen\" value=\"true\" \/><param name=\"allowscriptaccess\" value=\"always\" \/><embed type=\"application\/x-shockwave-flash\" width=\"425\" height=\"344\" src=\"http:\/\/www.youtube.com\/v\/9Ns_OMS98Uc&amp;hl=pt-br&amp;fs=1\" allowscriptaccess=\"always\" allowfullscreen=\"true\"><\/embed><\/object><\/p>\n<p><strong>No Mar, Veremos (do Livro No Mar Veremos, 2001<\/strong><\/p>\n<p><object width=\"425\" height=\"344\"><param name=\"movie\" value=\"http:\/\/www.youtube.com\/v\/HMsZhzPEbe8&amp;hl=pt-br&amp;fs=1\" \/><param name=\"allowFullScreen\" value=\"true\" \/><param name=\"allowscriptaccess\" value=\"always\" \/><embed type=\"application\/x-shockwave-flash\" width=\"425\" height=\"344\" src=\"http:\/\/www.youtube.com\/v\/HMsZhzPEbe8&amp;hl=pt-br&amp;fs=1\" allowscriptaccess=\"always\" allowfullscreen=\"true\"><\/embed><\/object><\/p>\n<h2>Nei Ducl\u00f3s e Mutuca Weyrauch<\/h2>\n<p><img alt=\"\" \/><br \/>\nsrc=&#8221;http:\/\/consciencia.org\/neiduclos\/imagens\/icons\/bolinha7.gif&#8221;&gt; <a href=\"musica\/muts1.zip\"><strong>Blues da Casa Torta<\/strong> &#8211; vers\u00e3o 1 (Mutuca e os Animais)<\/a><br \/>\n<img alt=\"\" \/><br \/>\nsrc=&#8221;http:\/\/consciencia.org\/neiduclos\/imagens\/icons\/bolinha7.gif&#8221;&gt;  <a href=\"musica\/bluescasatorta.wma\"><strong>Blues da Casa Torta &#8211; vers\u00e3o 2 <\/strong> (Oly Jr. Jardim) &#8211; <\/a><br \/>\n<img src=\"http:\/\/consciencia.org\/neiduclos\/imagens\/icons\/musica.gif\" border=\"0\" alt=\"\" \/><\/p>\n<p>(De 1976, gravada por Mutuca Weyrauch e os Animais (vers\u00e3o 1) e Oly Jr. Jardim (vers\u00e3o 2)<\/p>\n<p>Naquela casa torta onde me achei<\/p>\n<p>Naquela casa torta onde me achei<\/p>\n<p>Perdi o sapato que escorregou pelo buraco<\/p>\n<p>E pelo esgoto foi parar no rio<\/p>\n<p>E hoje est\u00e1 enterrado<\/p>\n<p>Junto com a chave daquelas tardes<\/p>\n<p>Que era a viagem da minha louca idade<\/p>\n<p>Que eu ainda n\u00e3o abandonei<\/p>\n<p>Naquela casa torta onde me achei<\/p>\n<p>Naquela casa torta onde me achei<\/p>\n<p>Perdi o Sapato que escorregou pelo buraco<\/p>\n<p>E pelo esgoto foi parar no rio<\/p>\n<p><img src=\"http:\/\/consciencia.org\/neiduclos\/imagens\/icons\/bolinha7.gif\" alt=\"\" \/> <a><br \/>\nhref=&#8221;musica\/muts2.zip&#8221;&gt;<strong>Crooked House Blues<\/strong><\/a> <img alt=\"\" \/><br \/>\nsrc=&#8221;http:\/\/consciencia.org\/neiduclos\/imagens\/icons\/musica.gif&#8221; border=&#8221;0&#8243;&gt;<\/p>\n<p>(Transla\u00e7\u00e3o por Mutuca de &#8220;Blues da Casa Torta&#8221;<\/p>\n<p>At that crooked house where I found myself<\/p>\n<p>At that crooked house where I found myself<\/p>\n<p>I lost the shoe that slide by the role<\/p>\n<p>And by the swear wound up to the river<\/p>\n<p>And today it is very well buried<\/p>\n<p>Side by side with the key<\/p>\n<p>oh those evening times<\/p>\n<p>That was the trip of my crazy age<\/p>\n<p>That I still haven&#8217;t left behind<\/p>\n<p><img alt=\"\" \/><br \/>\nsrc=&#8221;http:\/\/consciencia.org\/neiduclos\/imagens\/icons\/bolinha7.gif&#8221;&gt; <a><br \/>\nhref=&#8221;musica\/muts3.zip&#8221;&gt;<strong>Declara\u00e7\u00e3o<\/strong><\/a> <img src=\"http:\/\/consciencia.org\/neiduclos\/imagens\/icons\/musica.gif\" alt=\"\" \/><br \/>\nborder=&#8221;0&#8243;&gt;<\/p>\n<p><object width=\"425\" height=\"344\"><param name=\"movie\" value=\"http:\/\/www.youtube.com\/v\/m3dGa1VBoXI&amp;hl=pt-br&amp;fs=1\" \/><param name=\"allowFullScreen\" value=\"true\" \/><param name=\"allowscriptaccess\" value=\"always\" \/><embed type=\"application\/x-shockwave-flash\" width=\"425\" height=\"344\" src=\"http:\/\/www.youtube.com\/v\/m3dGa1VBoXI&amp;hl=pt-br&amp;fs=1\" allowscriptaccess=\"always\" allowfullscreen=\"true\"><\/embed><\/object><\/p>\n<p>(De Mutuca Weyrauch 1978, tamb\u00e9m gravada por Nei Lisboa em 1987 &#8211; LP &#8220;Carecas da Jamaica&#8221;)<\/p>\n<p>O que perdi n\u00e3o devolvem<\/p>\n<p>Vou buscar com o rev\u00f3lver<\/p>\n<p>O que ganhei n\u00e3o \u00e9 posse<\/p>\n<p>Sou um canal tudo passa<\/p>\n<p>O que falei n\u00e3o se apaga<\/p>\n<p>A vida \u00e9 uma palavra<\/p>\n<p>O que matei n\u00e3o prestava<\/p>\n<p>Fiz tudo por minha alma<\/p>\n<p>O que eu senti eu te mostro<\/p>\n<p>Nesta loucura sem tr\u00e9gua<\/p>\n<p>O que sofri foi sem volta<\/p>\n<p>Pois aprendi nos assaltos<\/p>\n<p>O que chorei n\u00e3o se mede<\/p>\n<p>O meu amor \u00e9 t\u00e3o vasto<\/p>\n<p>O que procuro eu acho<\/p>\n<p>Estou aberto a machado<\/p>\n<p><img src=\"http:\/\/consciencia.org\/neiduclos\/imagens\/icons\/bolinha7.gif\" alt=\"\" \/> <a><br \/>\nhref=&#8221;musica\/muts4.zip&#8221;&gt;<strong>Viagem \u00e0 Saturno<\/strong><\/a> <img alt=\"\" \/><br \/>\nsrc=&#8221;http:\/\/consciencia.org\/neiduclos\/imagens\/icons\/musica.gif&#8221; border=&#8221;0&#8243;&gt;<\/p>\n<p><object width=\"425\" height=\"344\"><param name=\"movie\" value=\"http:\/\/www.youtube.com\/v\/9yeHTSrSn-g&amp;hl=pt-br&amp;fs=1\" \/><param name=\"allowFullScreen\" value=\"true\" \/><param name=\"allowscriptaccess\" value=\"always\" \/><embed type=\"application\/x-shockwave-flash\" width=\"425\" height=\"344\" src=\"http:\/\/www.youtube.com\/v\/9yeHTSrSn-g&amp;hl=pt-br&amp;fs=1\" allowscriptaccess=\"always\" allowfullscreen=\"true\"><\/embed><\/object><\/p>\n<p>Irei at\u00e9 os aneis de Saturno<\/p>\n<p>Para encontrar objetos perdidos<\/p>\n<p>L\u00e1 espera o meu rev\u00f3lver de mocinho<\/p>\n<p>Espantarei as moscas do destino<\/p>\n<p>E viajarei como ave sem rumo<\/p>\n<p>Num bel\u00edssimo v\u00f4o diurno<\/p>\n<p>Como um arco-\u00edris meus p\u00e9s flutuam<\/p>\n<p><strong>CD Mutuca Rock&#8217;n&#8217;Roll Band &#8211; Demo &#8211; 2001<\/strong><\/p>\n<p><img alt=\"\" \/><br \/>\nheight=12 src=&#8221;http:\/\/consciencia.org\/neiduclos\/imagens\/icons\/bolinha7.gif&#8221; width=12&gt; <a><br \/>\nhref=&#8221;musica\/muts5.zip&#8221;&gt;<strong>Alma Prisioneira<\/strong><\/a><img alt=\"\" height=\"22\" \/><br \/>\nsrc=&#8221;http:\/\/consciencia.org\/neiduclos\/imagens\/icons\/sound.gif&#8221; width=&#8221;20&#8243;&gt;<\/p>\n<p><object width=\"425\" height=\"344\"><param name=\"movie\" value=\"http:\/\/www.youtube.com\/v\/qWnRl1uqNpg&amp;hl=pt-br&amp;fs=1\" \/><param name=\"allowFullScreen\" value=\"true\" \/><param name=\"allowscriptaccess\" value=\"always\" \/><embed type=\"application\/x-shockwave-flash\" width=\"425\" height=\"344\" src=\"http:\/\/www.youtube.com\/v\/qWnRl1uqNpg&amp;hl=pt-br&amp;fs=1\" allowscriptaccess=\"always\" allowfullscreen=\"true\"><\/embed><\/object><\/p>\n<p>O c\u00edrculo de riso e rotina<\/p>\n<p>me fecha na jaula<\/p>\n<p>Onde conto as pedras dessa caminhada<\/p>\n<p>Daqui imagino uma janela<\/p>\n<p>Onde voa um p\u00e1ssaro azul<\/p>\n<p>Dentro da estrela<\/p>\n<p>&nbsp;<\/p>\n<p>&nbsp;<\/p>\n<p>Me imagino fora do meu canto<\/p>\n<p>Em frente ao espelho<\/p>\n<p>Aonde eu possa indiferente passar<\/p>\n<p>Pela dor da minha alma prisioneira<\/p>\n<\/div>\n<\/div>\n","protected":false},"excerpt":{"rendered":"<p>Manh\u00e3 &#8211; Poesia de Nei Ducl\u00f3s, musicada por Carlinhos Hartlieb na voz de Gelson Oliveira &nbsp; &nbsp; Poemas de Nei Ducl\u00f3s musicados, em formato Mp3 e Video &nbsp; Z\u00e9 Gomes e Nei Ducl\u00f3s Minuano (Do livro No meio da rua, 1979) No Mar, Veremos (do Livro No Mar Veremos, 2001 Nei Ducl\u00f3s e Mutuca Weyrauch [&hellip;]<\/p>\n","protected":false},"author":2,"featured_media":0,"parent":0,"menu_order":0,"comment_status":"open","ping_status":"open","template":"","meta":[],"_links":{"self":[{"href":"https:\/\/www.consciencia.org\/neiduclos\/wp-json\/wp\/v2\/pages\/1317"}],"collection":[{"href":"https:\/\/www.consciencia.org\/neiduclos\/wp-json\/wp\/v2\/pages"}],"about":[{"href":"https:\/\/www.consciencia.org\/neiduclos\/wp-json\/wp\/v2\/types\/page"}],"author":[{"embeddable":true,"href":"https:\/\/www.consciencia.org\/neiduclos\/wp-json\/wp\/v2\/users\/2"}],"replies":[{"embeddable":true,"href":"https:\/\/www.consciencia.org\/neiduclos\/wp-json\/wp\/v2\/comments?post=1317"}],"version-history":[{"count":4,"href":"https:\/\/www.consciencia.org\/neiduclos\/wp-json\/wp\/v2\/pages\/1317\/revisions"}],"predecessor-version":[{"id":2720,"href":"https:\/\/www.consciencia.org\/neiduclos\/wp-json\/wp\/v2\/pages\/1317\/revisions\/2720"}],"wp:attachment":[{"href":"https:\/\/www.consciencia.org\/neiduclos\/wp-json\/wp\/v2\/media?parent=1317"}],"curies":[{"name":"wp","href":"https:\/\/api.w.org\/{rel}","templated":true}]}}