{"id":3709,"date":"2012-07-28T19:35:06","date_gmt":"2012-07-28T22:35:06","guid":{"rendered":"http:\/\/www.consciencia.org\/neiduclos\/?page_id=3709"},"modified":"2012-12-30T09:41:55","modified_gmt":"2012-12-30T11:41:55","slug":"ebooks-de-nei-duclos","status":"publish","type":"page","link":"https:\/\/www.consciencia.org\/neiduclos\/ebooks-de-nei-duclos","title":{"rendered":"E-books de Nei Ducl\u00f3s"},"content":{"rendered":"<div class=\"separator\" style=\"clear: both; text-align: center;\"><\/div>\n<div class=\"separator\" style=\"clear: both; text-align: center;\"><\/div>\n<div class=\"separator\" style=\"clear: both; text-align: center;\"><a style=\"clear: left; float: left; margin-bottom: 1em; margin-right: 1em;\" href=\"http:\/\/1.bp.blogspot.com\/-rC1tIaeHmHI\/UBQ8BvsFf4I\/AAAAAAAAG_w\/1bZLcozErek\/s1600\/neirefugio2.jpg\"><img loading=\"lazy\" src=\"http:\/\/1.bp.blogspot.com\/-rC1tIaeHmHI\/UBQ8BvsFf4I\/AAAAAAAAG_w\/1bZLcozErek\/s320\/neirefugio2.jpg\" alt=\"\" width=\"265\" height=\"320\" border=\"0\" \/><\/a><\/div>\n<h3>O autor<\/h3>\n<blockquote><p><strong>A arte de escrever: uma longa jornada<\/strong><\/p>\n<div style=\"text-align: justify;\">\n<p>Sou escritor com oito livros impressos publicados de poesia, romance, contos e cr\u00f4nicas. Jornalista desde 1970. Meu nono livro impresso, &#8220;Partimos de Manh\u00e3&#8221;, ser\u00e1 lan\u00e7ado no segundo semestre de 2012, numa edi\u00e7\u00e3o do IEL\/RS. Brasileiro de Uruguaiana, RS, desde 1948. Expus poemas nas pra\u00e7as em 1969, trabalhei no jornal Folha da Manh\u00e3 em Porto Alegre e l\u00e1 publiquei meu primeiro livro de poesia em 1975. Fui para S\u00e3o Paulo, onde desenvolvi longa carreira como jornalista, tendo trabalhado no jornal Folha de S. Paulo, revistas Brasil 21, Senhor, e Isto\u00c9,\u00a0 sendo colaborador do Estado de S. Paulo, Veja, entre outros ve\u00edculos, assinando reportagens, artigos, resenhas, cr\u00f4nicas e ensaios.\u00a0\u00a0 Sou bacharel em Hist\u00f3ria pela Universidade de S\u00e3o Paulo. Atualmente resido em Florian\u00f3polis, SC.<\/p>\n<h3>Livros publicados<\/h3>\n<ul>\n<li>Poesia:\u00a0 \u201c<strong>Outubro<\/strong>\u201d, IEL\/RS-Na\u00e7\u00e3o, Porto Alegre, 1975;\u00a0 \u201c<strong>No Meio da Rua<\/strong>\u201d, L&amp;PM, Porto Alegre, 1979; \u201c<strong>No Mar, Veremos<\/strong>\u201d, Editora Globo, S\u00e3o Paulo,2001;<\/li>\n<li>Romance: &#8220;<strong>Universo Baldio<\/strong>\u201d,\u00a0 W11 Editores\/ Francis, S\u00e3o Paulo, 2004;<\/li>\n<li>Contos e cr\u00f4nicas: \u201c<strong>O Ref\u00fagio do Pr\u00edncipe<\/strong>\u201d, Editora Cartaz, Florian\u00f3polis, 2006;<\/li>\n<li>Literatura juvenil:\u00a0 &#8220;<strong>Diogo e Diana<\/strong>\u201d (2007) e &#8220;<strong>A Trilha da Lua Cheia<\/strong>&#8221; (2012), ambos pela Editora Record, em parceria com Tabajara Ruas;<\/li>\n<li>Reportagem:\u00a0 &#8220;<strong>Laguna Obra e Paisagem<\/strong>&#8220;,\u00a0 Editora Express\u00e3o, Florian\u00f3polis, 2012.<\/li>\n<\/ul>\n<\/div>\n<\/blockquote>\n<h3>E-BOOKS: obra criada junto ao p\u00fablico<\/h3>\n<p>Os e-books que estou lan\u00e7ando agora, de prosa e poesia, re\u00fanem uma vasta produ\u00e7\u00e3o de dez anos desenvolvida nas m\u00eddias sociais . Cr\u00f4nicas, contos, romances, sonetos, poemas \u00e9picos ou pessoais que estavam dispersos agora est\u00e3o reunidos em volumes virtuais de grande diversidade e interesse. Fruto da intera\u00e7\u00e3o permanente do Autor com o p\u00fablico, a literatura posta em quest\u00e3o nos e-books participa do esfor\u00e7o nacional de contrapor uma linguagem criativa e de qualidade ao discurso em ruinas das institui\u00e7\u00f5es pol\u00edticas, econ\u00f4micas, religiosas e midi\u00e1ticas. O objetivo \u00e9 a transcend\u00eancia do esp\u00edrito habitado e em ebuli\u00e7\u00e3o em busca da vida que foi sufocada por in\u00fameras adversidades.<br \/>\n<span style=\"font-size: large;\"><strong><br \/>\nA pedido dos leitores e leitoras,\u00a0<\/strong><\/span><\/p>\n<p><span style=\"font-size: large;\"><strong>CHEGARAM MEUS E-BOOKS!<\/strong><\/span><\/p>\n<p><span style=\"font-size: large;\"><strong>ESCOLHA ABAIXO, QUAIS VOC\u00ca VAI QUERER:\u00a0<\/strong><\/span><br \/>\n*PAMPABISMO\/ENIGMINAS: CONVERSOS &#8211; Poemas<br \/>\n*BEIJO ENTRE NUVENS &#8211; Cr\u00f4nicas<br \/>\n*ARRASO\u00a0 \u2013 POEMAS DE AMOR<br \/>\n*OUTUBRO &#8211; Edi\u00e7\u00e3o fac-similar de um cult da poesia brasileira<br \/>\n*JACK O MARUJO &#8211; um romance de aventuras em twites<\/p>\n<p><strong>Vantagens:<\/strong> Mais leve, mais acess\u00edvel, com a mesma qualidade de um livro impresso.<\/p>\n<ul>\n<li><strong>*FACILIDADE:<\/strong><\/li>\n<\/ul>\n<p>Voc\u00ea pode levar no smartphone\/celular e no tablet. Ou abrir na tela do seu micro. Sem carregar peso, o e-book acompanha voc\u00ea onde estiver.<\/p>\n<ul>\n<li><strong>*SEGURAN\u00c7A:<\/strong><\/li>\n<\/ul>\n<p>Voc\u00ea s\u00f3 paga depois de receber o livro. Voc\u00ea pode fazer backup, uma c\u00f3pia de seguran\u00e7a, para garantir que seu e-book vai estar sempre a m\u00e3o.<\/p>\n<ul>\n<li><strong>*RAPIDEZ e AGILIDADE<\/strong><\/li>\n<\/ul>\n<p>Chega na hora em sua caixa de e-mail, vem pelo ar. Sem frete ou espera pelos correios.<\/p>\n<ul>\n<li><strong>*IMPRESS\u00c3O<\/strong><\/li>\n<\/ul>\n<p>Voc\u00ea pode imprimir e encardenar como quiser. Meus e-books foram editados por uma designer, lindamente ilustrados e diagramados, e est\u00e3o prontos para serem impressos.<\/p>\n<h2>Como COMPRAR?<\/h2>\n<p>Voc\u00ea envia um e-mail para <strong>neiduclos@gmail.com<\/strong> dizendo quais livros voc\u00ea quer comprar, eu lhe envio o e-book(s) com a conta para dep\u00f3sito. Opcionalmente, voc\u00ea pode usar o bot\u00e3o para pagamento via PagSeguro (UOL), com v\u00e1rias op\u00e7\u00f5es de pagamento on-line.<\/p>\n<h2>PAMPABISMO\/ENIGMINAS: CONVERSOS<\/h2>\n<p><img loading=\"lazy\" src=\"http:\/\/3.bp.blogspot.com\/-AU_nDUyebBA\/UN70P5hkAKI\/AAAAAAAAJO8\/HczTiOfs6ss\/s1600\/Conversos+capa.JPG\" alt=\"enigminas - conversos pampabismo ebook\" align=\"left\" width=\"223\" height=\"320\" border=\"0\" \/>Agora em e-book, PAMPABISMO\/ENIGMINAS: CONVERSOS, um livro que op\u00f5e e tenta transcender dois mitos regionais e o drama que ele desdobra: N\u00e3o \u00e9 permitido viver quando o pa\u00eds \u00e9 o assassino procurado.<br \/>\nPara adquirir o livro (81 pgs., R$ 30) escreva para neiduclos@gmail.com.<\/p>\n<p>A sintonia hist\u00f3rica, e ao mesmo tempo forjada numa revisita po\u00e9tica, entre dois mitos regionais \u2013 Minas Gerais e Rio Grande do Sul\u2013 \u00e9 o enlace do meu livro PAMPABISMO\/ ENIGMINAS: CONVERSOS, um dos cinco finalistas do pr\u00eamio A\u00e7orianos de Cria\u00e7\u00e3o Liter\u00e1ria\/Poesia  de 2012. \u00c9 a interlocu\u00e7\u00e3o de dois mitos regionais \u00e1 luz da Poesia e da Hist\u00f3ria, e sua transcend\u00eancia p\u00f3 meio da consciente escassez do verbo. O poeta \u00e9 um estrangeiro nos dois mundos que se atraem, conversam e se chocam. Seu objetivo \u00e9 atingir o territ\u00f3rio al\u00e9m do conflito, com a percep\u00e7\u00e3o dos limites impostos por narrativas da literatura e das ci\u00eancias humanas, mas ultrapassando essas margens por meio dos recursos da linguagem.<\/p>\n<p>Todo escrito em m\u00ednimos sonetos (as tradicionais 14 linhas afinadas at\u00e9 o osso), cada um intitulado com a \u00faltima palavra do poema, o livro foi estruturado em tr\u00eas cap\u00edtulos que funcionam como um ABC da narrativa. Constru\u00eddo de fora para dentro, dentro das li\u00e7\u00f5es cabralinas, e piuxando \u00e1guas profundas de Drummond, o livro recupera a impossibilidade de se atingir o n\u00facleo do drama quando o projeto \u00e9 t\u00e3o ambicioso. A linhagem po\u00e9tica nobre trabalha a favor do vento que o livro procura desencadear. Mas ele tem voo pr\u00f3prio e, ao se perder na voragem do abismo, encontra o equil\u00edbrio do voo desdobrado entre a tradi\u00e7\u00e3o e a transgress\u00e3o.<\/p>\n<p>O cap\u00edtulo A \u00e9 Enigminas, o que o poema n\u00e3o decifra e devora na busca por uma sintonia. O cap\u00edtulo B \u00e9 Pampabismo, id\u00eantico no desafio de ser desconhecido por quem o aborda. O Cap\u00edtulo C \u00e9 Conversos, a convers\u00e3o dos mitos em conflitos num entendimento que supere suas origens e encontre no verbo sua realiza\u00e7\u00e3o. A poesia assim busca a na\u00e7\u00e3o que existe dentro da outra, quer enxergar o perfil da diversidade hist\u00f3rica e buscar a convers\u00e3o que n\u00e3o contradiga o mito, mas o enrique\u00e7a.  <\/p>\n<p>ARABESCO<\/p>\n<p>Minas, desconhe\u00e7o.<br \/>\nAbismo infinito<br \/>\ncomo a queda<br \/>\nde um len\u00e7o<\/p>\n<p>ou de uma bandeira<br \/>\n(que jamais chega ao<br \/>\nch\u00e3o do \u00e1rcade ou<br \/>\ndo itabirano veio).<\/p>\n<p>Minas, n\u00e3o me prendo<br \/>\nao que de voz empresta<br \/>\nao poema, ao som a mil<\/p>\n<p>ou ao soneto, que<br \/>\nse perde ao saltar do<br \/>\nparapeito em arabesco<\/p>\n<p>Edi\u00e7\u00e3o do Autor em PDF, 81 pgs. \u2013 R$ 30,00 &#8211; Envie email ao autor neiduclos@gmail.com para receber os dados de como fazer o dep\u00f3sito e receba seu exemplar na hora.<\/p>\n<h2>BEIJO ENTRE NUVENS<\/h2>\n<div class=\"separator\" style=\"clear: both; text-align: center;\"><a style=\"margin-left: 1em; margin-right: 1em;\" href=\"http:\/\/1.bp.blogspot.com\/-smfiOPn1zEU\/UBRDb8IzYdI\/AAAAAAAAHAA\/P2Tzl-iaTS4\/s1600\/Sem+t%25C3%25ADtulo.jpg\"><img loading=\"lazy\" src=\"http:\/\/1.bp.blogspot.com\/-smfiOPn1zEU\/UBRDb8IzYdI\/AAAAAAAAHAA\/P2Tzl-iaTS4\/s320\/Sem+t%25C3%25ADtulo.jpg\" alt=\"\" width=\"223\" height=\"320\" border=\"0\" \/><\/a><\/div>\n<p>&nbsp;<\/p>\n<div style=\"text-align: justify;\"><strong>&#8220;BEIJO ENTRE NUVENS&#8221;<\/strong> (e-book em PDF), \u00e9 uma seleta de cr\u00f4nicas publicadas nos \u00faltimos anos em diversos ve\u00edculos de comunica\u00e7\u00e3o, blogs e sites, e nas redes sociais. Dividido em quatro cap\u00edtulos, aborda poeticamente as Esta\u00e7\u00f5es do ano, as m\u00faltiplas inf\u00e2ncias, o of\u00edcio da palavra e o futebol, em cenas antol\u00f3gicas reais e imaginadas.<\/div>\n<p>Trecho de cr\u00f4nica de<strong> &#8220;BEIJO ENTRE NUVENS&#8221;\u00a0<\/strong> que d\u00e1 nome ao livro de Nei Ducl\u00f3s<\/p>\n<div style=\"text-align: justify;\">&#8220;Notei que essas nuvens nada t\u00eam a ver com as chuvas. Voc\u00ea j\u00e1 n\u00e3o experimentou a sensa\u00e7\u00e3o de levar um banho em pleno dia claro? Ou ficar sob grande massa cinzenta de iminentes tempestades que jamais acontecem? A \u00e1gua se evapora e se condensa e cai na terra seca, mas isso n\u00e3o explica tudo. Existem chuvas misteriosas, geradas n\u00e3o se sabe como. E nuvens com outra carne e com uma diferente miss\u00e3o.<\/div>\n<p>Aos poucos, a muito custo, acumulando quilometragem de rede na varanda, tive uma revela\u00e7\u00e3o. As criaturas agem assim e tomam essas formas inveross\u00edmeis, que os disfarces n\u00e3o conseguem ocultar, porque procuram fazer bem feito apenas uma coisa.<br \/>\nE essa coisa \u00e9 o beijo.&#8221; (Nei Ducl\u00f3s)<\/p>\n<p>Edi\u00e7\u00e3o do Autor em PDF, 170 pgs. \u2013 R$ 30,00<\/p>\n<p>Envie email ao autor <strong>neiduclos@gmail.com<\/strong> para receber os dados de como fazer o dep\u00f3sito e receba seu exemplar na hora.<\/p>\n<p><strong>Ou fa\u00e7a sua compra clicando no bot\u00e3o abaixo.<\/strong><br \/>\n<!-- INICIO FORMULARIO BOTAO PAGSEGURO --><\/p>\n<form target=\"pagseguro\" action=\"https:\/\/pagseguro.uol.com.br\/v2\/checkout\/cart.html?action=add\" method=\"post\">\n<input type=\"hidden\" name=\"receiverEmail\" value=\"mlduclos@gmail.com\" \/><br \/>\n<input type=\"hidden\" name=\"currency\" value=\"BRL\" \/><br \/>\n<input type=\"hidden\" name=\"itemId\" value=\"12\" \/><br \/>\n<input type=\"hidden\" name=\"itemDescription\" value=\"Beijo entre Nuvens\" \/><br \/>\n<input type=\"hidden\" name=\"itemQuantity\" value=\"1\" \/><br \/>\n<input type=\"hidden\" name=\"itemAmount\" value=\"30.00\" \/><br \/>\n<input type=\"hidden\" name=\"itemWeight\" value=\"\" \/><br \/>\n<input type=\"hidden\" name=\"itemShippingCost\" value=\"0.00\" \/><br \/>\n<input type=\"image\" src=\"https:\/\/p.simg.uol.com.br\/out\/pagseguro\/i\/botoes\/pagamentos\/209x48-comprar-assina.gif\" name=\"submit\" alt=\"Pague com PagSeguro - \u00e9 r\u00e1pido, gr\u00e1tis e seguro!\" \/><br \/>\n<\/form>\n<p><!-- FINAL FORMULARIO BOTAO PAGSEGURO --><\/p>\n<h2>ARRASO \u2013 POEMAS DE AMOR<\/h2>\n<p>&nbsp;<\/p>\n<div class=\"separator\" style=\"clear: both; text-align: center;\"><a style=\"margin-left: 1em; margin-right: 1em;\" href=\"http:\/\/3.bp.blogspot.com\/-LccC_TxXbn4\/UBREJ3OIOJI\/AAAAAAAAHAI\/_mheO-1l5IE\/s1600\/CAPA.jpg\"><img loading=\"lazy\" src=\"http:\/\/3.bp.blogspot.com\/-LccC_TxXbn4\/UBREJ3OIOJI\/AAAAAAAAHAI\/_mheO-1l5IE\/s320\/CAPA.jpg\" alt=\"\" width=\"226\" height=\"320\" border=\"0\" \/><\/a><\/div>\n<p><strong>&#8220;ARRASO&#8221;\u00a0 \u2013 POEMAS DE AMOR (e-book em PDF) <\/strong>est\u00e1 dividido em duas partes \u2013 <strong>Tudo se Costura Num Soneto e A Viajante Obscura<\/strong> &#8211; s\u00e3o poesias de amor, feitas principalmente no <strong>Facebook<\/strong>, apresentando declara\u00e7\u00e3o e mensagens de amor, o jogo da sedu\u00e7\u00e3o, a conquista, as fantasias de um relacionamento virtual que se torna real atrav\u00e9s da linguagem po\u00e9tica.<\/p>\n<div style=\"text-align: justify;\"><\/div>\n<div style=\"text-align: justify;\">\n<p>Esta edi\u00e7\u00e3o foi feita para atender aos pedidos das leitoras de primeira hora e que queriam ter em m\u00e3os uma colet\u00e2nea da quantidade de poesia de amor, acumulada e divulgada por mim em 2011 e 2012. Narrados por diversas personagens, os versos se reportam tamb\u00e9m a v\u00e1rias encarna\u00e7\u00f5es das musas, no que elas t\u00eam de contradit\u00f3rias, apaixonadas, indiferentes ou dominadoras.\u00a0 Toda essa humanidade liter\u00e1ria criada pelo Autor foi estimulada pela leitura de centenas de pessoas ao longo da divulga\u00e7\u00e3o dos poemas.<\/p>\n<\/div>\n<p><em><span class=\"text_exposed_show\">&#8220;Poesia \u00e9 amor, sem tirar nem por.&#8221;<\/span> <\/em><br \/>\n(Edi\u00e7\u00e3o do Autor em PDF, 230 pgs, R$ 30,00).<\/p>\n<p>Envie email ao autor <strong>neiduclos@gmail.com <\/strong>para receber os dados de como fazer o dep\u00f3sito e receba seu exemplar na hora.<\/p>\n<p><strong>Ou fa\u00e7a sua compra clicando no bot\u00e3o abaixo.<\/strong><br \/>\n<!-- INICIO FORMULARIO BOTAO PAGSEGURO --><\/p>\n<form target=\"pagseguro\" action=\"https:\/\/pagseguro.uol.com.br\/v2\/checkout\/cart.html?action=add\" method=\"post\">\n<input type=\"hidden\" name=\"receiverEmail\" value=\"mlduclos@gmail.com\" \/><br \/>\n<input type=\"hidden\" name=\"currency\" value=\"BRL\" \/><br \/>\n<input type=\"hidden\" name=\"itemId\" value=\"13\" \/><br \/>\n<input type=\"hidden\" name=\"itemDescription\" value=\"Arraso - Poemas de Amor\" \/><br \/>\n<input type=\"hidden\" name=\"itemQuantity\" value=\"1\" \/><br \/>\n<input type=\"hidden\" name=\"itemAmount\" value=\"30.00\" \/><br \/>\n<input type=\"hidden\" name=\"itemWeight\" value=\"\" \/><br \/>\n<input type=\"hidden\" name=\"itemShippingCost\" value=\"0.00\" \/><br \/>\n<input type=\"image\" src=\"https:\/\/p.simg.uol.com.br\/out\/pagseguro\/i\/botoes\/pagamentos\/209x48-comprar-assina.gif\" name=\"submit\" alt=\"Pague com PagSeguro - \u00e9 r\u00e1pido, gr\u00e1tis e seguro!\" \/><br \/>\n<\/form>\n<p><!-- FINAL FORMULARIO BOTAO PAGSEGURO --><\/p>\n<h2>JACK O MARUJO<strong><\/strong><\/h2>\n<p>&nbsp;<\/p>\n<div class=\"separator\" style=\"clear: both; text-align: center;\"><a style=\"margin-left: 1em; margin-right: 1em;\" href=\"http:\/\/2.bp.blogspot.com\/-pUCjgt9F-Ec\/UBRIt51Cs6I\/AAAAAAAAHAY\/fGkVmrAe86U\/s1600\/jackCAPA.jpg\"><img loading=\"lazy\" src=\"http:\/\/2.bp.blogspot.com\/-pUCjgt9F-Ec\/UBRIt51Cs6I\/AAAAAAAAHAY\/fGkVmrAe86U\/s320\/jackCAPA.jpg\" alt=\"\" width=\"320\" height=\"313\" border=\"0\" \/><\/a><\/div>\n<h4><\/h4>\n<p><strong>&#8220;JACK O MARUJO&#8221;<\/strong>\u00a0\u00a0 <strong>(e-book em PDF) <\/strong><\/p>\n<p>romance de aventuras<\/p>\n<div class=\"MsoNormal\" style=\"text-align: justify;\">Um livro todo feito no <strong>Twitter (<a href=\"http:\/\/twitter.com\/neiduclos\">@neiduclos<\/a>)<\/strong>, <strong>&#8220;Jack o Marujo&#8221;<\/strong> cruza os sete mares da Internet, navegando pelo espa\u00e7o sem fim, sempre mantendo o navio aprumado em tuits de 140 caracteres. Cors\u00e1rio tecnol\u00f3gico, <strong>&#8220;Jack o Marujo&#8221; <\/strong>rola numa birosca do cais quando n\u00e3o est\u00e1 com as sereias em alto mar . L\u00e1 se junta a m\u00e1s companhias, os que se refugiam do mundo politicamente correto, onde acaba escutando conselhos perversos para incrementar seu acervo de barbaridades. \u00c0s vezes chega a desconfiar daquela conversalhada e leva a m\u00e3o \u00e0 adaga. Mas o papo regado a rum falsificado em Bertioga inspira Jack numa s\u00e9rie de respostas a todos os tipos de visitantes. A seguir, uma seleta das coisas que ele tem dito nessa fase mais barra pesada.<\/div>\n<div class=\"MsoNormal\">*Sou turism\u00f3logo, disse o corrupto.<br \/>\n\u201cAchei que isso s\u00f3 desse em rabo de girafa\u201d, disse Jack o Marujo<\/div>\n<div class=\"MsoNormal\"><\/div>\n<div class=\"MsoNormal\">*N\u00e3o quero mais viver! disse o suicida amarrando uma pedra no pesco\u00e7o.<br \/>\n\u201cH\u00e1 melhores maneiras de impressionar uma sereia\u201d, disse Jack o Marujo<\/div>\n<div class=\"MsoNormal\">*Sou prom\u00edscuo, confessou o grumete, dividido entre o orgulho e a vergonha.<br \/>\n\u201cComo assim?\u201d perguntou Jack o Marujo.\u201dTe apaixonaste por um cardume?\u201d<\/div>\n<div class=\"MsoNormal\"><\/div>\n<div class=\"MsoNormal\">*Por que sereia n\u00e3o gosta do sol? perguntou o grumete.<br \/>\n\u201cPorque tem medo de amanhecer sendo colocada na brasa\u201d, disse Jack o Marujo<\/div>\n<div class=\"MsoNormal\"><\/div>\n<div class=\"MsoNormal\">*O que o Sr. acha da corrup\u00e7\u00e3o? perguntou o comunicador.<br \/>\nDeixar o dinheiro p\u00fablico na m\u00e3o dessa canalha \u00e9 abandono de incapaz, disse Jack o Marujo<\/div>\n<p>(Edi\u00e7\u00e3o do Autor em PDF,\u00a0 79 pgs, R$ 15,00).<\/p>\n<p>Envie email ao autor neiduclos@gmail.com para receber os dados de como fazer o dep\u00f3sito e receba seu exemplar na hora.<\/p>\n<p><strong>Ou fa\u00e7a sua compra clicando no bot\u00e3o abaixo.<\/strong><br \/>\n<!-- INICIO FORMULARIO BOTAO PAGSEGURO --><\/p>\n<form target=\"pagseguro\" action=\"https:\/\/pagseguro.uol.com.br\/v2\/checkout\/cart.html?action=add\" method=\"post\">\n<input type=\"hidden\" name=\"receiverEmail\" value=\"mlduclos@gmail.com\" \/><br \/>\n<input type=\"hidden\" name=\"currency\" value=\"BRL\" \/><br \/>\n<input type=\"hidden\" name=\"itemId\" value=\"14\" \/><br \/>\n<input type=\"hidden\" name=\"itemDescription\" value=\"Jack o Marujo\" \/><br \/>\n<input type=\"hidden\" name=\"itemQuantity\" value=\"1\" \/><br \/>\n<input type=\"hidden\" name=\"itemAmount\" value=\"15.00\" \/><br \/>\n<input type=\"hidden\" name=\"itemWeight\" value=\"\" \/><br \/>\n<input type=\"hidden\" name=\"itemShippingCost\" value=\"0.00\" \/><br \/>\n<input type=\"image\" src=\"https:\/\/p.simg.uol.com.br\/out\/pagseguro\/i\/botoes\/pagamentos\/209x48-comprar-assina.gif\" name=\"submit\" alt=\"Pague com PagSeguro - \u00e9 r\u00e1pido, gr\u00e1tis e seguro!\" \/><br \/>\n<\/form>\n<p><!-- FINAL FORMULARIO BOTAO PAGSEGURO --><\/p>\n<h2>OUTUBRO<\/h2>\n<div class=\"separator\" style=\"clear: both; text-align: center;\"><a style=\"margin-left: 1em; margin-right: 1em;\" href=\"http:\/\/4.bp.blogspot.com\/-tr0pT3YiudM\/UBRP6T2kD4I\/AAAAAAAAHAo\/gHil3Zxc0ik\/s1600\/OUTUBRO.JPG\"><img loading=\"lazy\" src=\"http:\/\/4.bp.blogspot.com\/-tr0pT3YiudM\/UBRP6T2kD4I\/AAAAAAAAHAo\/gHil3Zxc0ik\/s320\/OUTUBRO.JPG\" alt=\"\" width=\"210\" height=\"320\" border=\"0\" \/><\/a><\/div>\n<div class=\"MsoNormal\">\u00a0E-book, edi\u00e7\u00e3o<em><strong> fac-simile <\/strong><\/em>do livro <strong>OUTUBRO<\/strong>, publicado em 1975, um <em><strong>cult <\/strong><\/em>que n\u00e3o tinha ainda uma segunda edi\u00e7\u00e3o. Abaixo, <strong>SALVA\u00c7\u00c3O, <\/strong>uma das poesias do livro mais reproduzidas em blogs e redes sociais por toda a Internet.<\/div>\n<div class=\"MsoNormal\"><\/div>\n<div class=\"MsoNormal\"><strong>SALVA\u00c7\u00c3O<\/strong><\/div>\n<div class=\"MsoNormal\"><\/div>\n<div class=\"MsoNormal\"><em>Nei Ducl\u00f3s<\/em><\/div>\n<div class=\"MsoNormal\"><\/div>\n<div class=\"MsoNormal\">Estar a salvo<\/div>\n<div class=\"MsoNormal\">N\u00e3o \u00e9 se salvar<\/div>\n<div class=\"MsoNormal\"><\/div>\n<div class=\"MsoNormal\">Como um navegador<\/div>\n<div class=\"MsoNormal\">Que vai at\u00e9 onde d\u00e1<\/div>\n<div class=\"MsoNormal\">Voc\u00ea tem que ser livre<\/div>\n<div class=\"MsoNormal\">Para o que pintar<\/div>\n<div class=\"MsoNormal\"><\/div>\n<div class=\"MsoNormal\">Nenhuma pessoa \u00e9 lugar de repouso<\/div>\n<div class=\"MsoNormal\">Juntos chegaremos l\u00e1<\/div>\n<div class=\"MsoNormal\"><\/div>\n<div class=\"MsoNormal\">(Do livro Outubro)<\/div>\n<p>(Edi\u00e7\u00e3o em PDF,\u00a0 79 pgs, R$ 21,00).<\/p>\n<p>Envie email ao autor neiduclos@gmail.com para receber os dados de como fazer o dep\u00f3sito e receba seu exemplar na hora<\/p>\n<p><strong>Ou fa\u00e7a sua compra clicando no bot\u00e3o abaixo.<\/strong><br \/>\n<!-- INICIO FORMULARIO BOTAO PAGSEGURO --><\/p>\n<form target=\"pagseguro\" action=\"https:\/\/pagseguro.uol.com.br\/v2\/checkout\/cart.html?action=add\" method=\"post\">\n<input type=\"hidden\" name=\"receiverEmail\" value=\"mlduclos@gmail.com\" \/><br \/>\n<input type=\"hidden\" name=\"currency\" value=\"BRL\" \/><br \/>\n<input type=\"hidden\" name=\"itemId\" value=\"15\" \/><br \/>\n<input type=\"hidden\" name=\"itemDescription\" value=\"Outubro (ebook)\" \/><br \/>\n<input type=\"hidden\" name=\"itemQuantity\" value=\"1\" \/><br \/>\n<input type=\"hidden\" name=\"itemAmount\" value=\"21.00\" \/><br \/>\n<input type=\"hidden\" name=\"itemWeight\" value=\"\" \/><br \/>\n<input type=\"hidden\" name=\"itemShippingCost\" value=\"0.00\" \/><br \/>\n<input type=\"image\" src=\"https:\/\/p.simg.uol.com.br\/out\/pagseguro\/i\/botoes\/pagamentos\/209x48-comprar-assina.gif\" name=\"submit\" alt=\"Pague com PagSeguro - \u00e9 r\u00e1pido, gr\u00e1tis e seguro!\" \/><br \/>\n<\/form>\n<p><!-- FINAL FORMULARIO BOTAO PAGSEGURO --><\/p>\n<p>________________________________________<\/p>\n<h2>Repercuss\u00e3o na Imprensa<\/h2>\n<ul>\n<li><a href=\"http:\/\/zerohora.clicrbs.com.br\/rs\/cultura-e-lazer\/segundo-caderno\/noticia\/2012\/07\/nei-duclos-lanca-quatro-livros-em-formato-digital-3838343.html\" target=\"new\">Mat\u00e9ria na Zero Hora digital e impressa. (31.07.2012) <\/a><\/li>\n<li><a href=\"http:\/\/diariogaucho.clicrbs.com.br\/rs\/entretenimento\/noticia\/2012\/07\/nei-duclos-lanca-quatro-livros-em-formato-digital-3838343.html\" target=\"new\">Mat\u00e9ria no Di\u00e1rio Gaucho (31.07.2012) <\/a><\/li>\n<li>Mat\u00e9ria no Di\u00e1rio Catarinense (vers\u00e3o impressa) do dia 01.08.2012. Clique abaixo para ampliar.<br \/>\n<a href=\"http:\/\/www.consciencia.org\/neiduclos\/wp-content\/uploads\/diario-catarinense1.jpg\" target=\"new\"><img loading=\"lazy\" class=\"alignnone size-medium wp-image-3766\" title=\"diario-catarinense\" src=\"http:\/\/www.consciencia.org\/neiduclos\/wp-content\/uploads\/diario-catarinense1-142x300.jpg\" alt=\"\" width=\"142\" height=\"300\" srcset=\"https:\/\/www.consciencia.org\/neiduclos\/wp-content\/uploads\/diario-catarinense1-142x300.jpg 142w, https:\/\/www.consciencia.org\/neiduclos\/wp-content\/uploads\/diario-catarinense1-486x1024.jpg 486w, https:\/\/www.consciencia.org\/neiduclos\/wp-content\/uploads\/diario-catarinense1.jpg 776w\" sizes=\"(max-width: 142px) 100vw, 142px\" \/><\/a><\/li>\n<\/ul>\n<blockquote>\n<h3>Alguns retornos de quem j\u00e1 comprou:<\/h3>\n<p>Leio seus poemas diariamente, no Twitter&#8230;\u00a0 e gostaria de ter o seu livro &#8220;<strong>Arraso &#8211; Poemas de Amor<\/strong>&#8220;. (<strong>K\u00e1tia Freitas<\/strong>)<\/p>\n<p style=\"text-align: left;\">Vou aproveitar as f\u00e9rias para ler os teus livros novos no meu tablet. (<strong>Julio Monteiro Martins<\/strong>)<\/p>\n<p style=\"text-align: left;\">Nossa, que belo texto&#8230;Parab\u00e9ns! (<strong>Carlos Guimar\u00e3ses Coelho<\/strong>, sobre a cr\u00f4nica <strong>Beijo entre Nuvens<\/strong>)<\/p>\n<p style=\"text-align: left;\">Quero o meu pdf de &#8220;<strong>Beijo entre as Nuvens<\/strong>&#8220;. Lindo t\u00edtulo! Linda capa! Quero ler as cr\u00f4nicas em prosa po\u00e9tica (<strong>Teresa Pouey de Oliveira<\/strong>)<\/p>\n<p style=\"text-align: left;\">Que surpresa mais azul o teu livro, parab\u00e9ns !!! Obrigado por tua poesia di\u00e1ria que torna tudo mais leve e colorido .Obrigada! (<strong>Eliane Fogel<\/strong>)<\/p>\n<div class=\"MsoNormal\" style=\"text-align: left;\">Um barato o livro de <strong>Jack O Marujo<\/strong>!<br \/>\nE lindo com aquelas imagens. Ele tem tiradas \u00f3timas. \u00c9 espirituoso. Corajoso. Debochado. Muito na dele. Mesmo que apaixonado, \u00e0s vezes, sentimental tamb\u00e9m. E s\u00e1bio. Como tu diz: ele n\u00e3o \u00e9 um pirata, mas lembra um pirata&#8230;\u00a0 (<strong>Teresa Pouey de Oliveira<\/strong>)<\/div>\n<div class=\"MsoNormal\" style=\"text-align: left;\"><\/div>\n<div class=\"MsoNormal\" style=\"text-align: left;\">&#8220;Eu diria que <strong>Jack o Marujo<\/strong> \u00e9 pioneiro nessa modalidade de tuits organizados em cap\u00edtulos de um romance de aventuras (<strong>Daniel Otto Franz)<\/strong><\/div>\n<div class=\"MsoNormal\" style=\"text-align: left;\">&#8220;Jack me faz rir. Adoro isso&#8221; (<strong>Margareth Cend\u00f3n<\/strong>)<\/div>\n<\/blockquote>\n","protected":false},"excerpt":{"rendered":"<p>O autor A arte de escrever: uma longa jornada Sou escritor com oito livros impressos publicados de poesia, romance, contos e cr\u00f4nicas. Jornalista desde 1970. Meu nono livro impresso, &#8220;Partimos de Manh\u00e3&#8221;, ser\u00e1 lan\u00e7ado no segundo semestre de 2012, numa edi\u00e7\u00e3o do IEL\/RS. Brasileiro de Uruguaiana, RS, desde 1948. Expus poemas nas pra\u00e7as em 1969, [&hellip;]<\/p>\n","protected":false},"author":2,"featured_media":0,"parent":0,"menu_order":0,"comment_status":"open","ping_status":"open","template":"","meta":[],"_links":{"self":[{"href":"https:\/\/www.consciencia.org\/neiduclos\/wp-json\/wp\/v2\/pages\/3709"}],"collection":[{"href":"https:\/\/www.consciencia.org\/neiduclos\/wp-json\/wp\/v2\/pages"}],"about":[{"href":"https:\/\/www.consciencia.org\/neiduclos\/wp-json\/wp\/v2\/types\/page"}],"author":[{"embeddable":true,"href":"https:\/\/www.consciencia.org\/neiduclos\/wp-json\/wp\/v2\/users\/2"}],"replies":[{"embeddable":true,"href":"https:\/\/www.consciencia.org\/neiduclos\/wp-json\/wp\/v2\/comments?post=3709"}],"version-history":[{"count":61,"href":"https:\/\/www.consciencia.org\/neiduclos\/wp-json\/wp\/v2\/pages\/3709\/revisions"}],"predecessor-version":[{"id":3794,"href":"https:\/\/www.consciencia.org\/neiduclos\/wp-json\/wp\/v2\/pages\/3709\/revisions\/3794"}],"wp:attachment":[{"href":"https:\/\/www.consciencia.org\/neiduclos\/wp-json\/wp\/v2\/media?parent=3709"}],"curies":[{"name":"wp","href":"https:\/\/api.w.org\/{rel}","templated":true}]}}